{"id":306,"date":"2016-09-12T22:27:58","date_gmt":"2016-09-12T22:27:58","guid":{"rendered":"http:\/\/dev.amaze.org\/?page_id=306"},"modified":"2017-09-05T15:00:15","modified_gmt":"2017-09-05T15:00:15","slug":"my-amaze","status":"publish","type":"page","link":"https:\/\/uat.amaze.staging.poundandgrain.ca\/es\/my-amaze\/","title":{"rendered":"My Amaze"},"content":{"rendered":"<p><strong>Con una cuenta My Amaze puede:<\/strong><\/p>\n<p>1. Registrarse y crear su propia experiencia AMAZE protegida con contrase\u00f1a.<\/p>\n<p>2. Crear su propia lista de reproducci\u00f3n de videos y compartirla. Por ejemplo, si usted es un padre, podr\u00e1 compartir videos o grupos de videos espec\u00edficos con sus hijos. La lista estar\u00e1 en una p\u00e1gina protegida para que vean que no tiene enlaces al resto de nuestro sitio web AMAZE.<\/p>\n<p>3. Si es un educador, podr\u00e1 seleccionar y guardar v\u00eddeos, crear listas de reproducci\u00f3n \u00fanicas para integrarlas en lecciones y compartir enlaces con videos \/ listas de reproducci\u00f3n seleccionados con los estudiantes.<\/p>\n<p>4. Despu\u00e9s del registro, podr\u00e1 volver en cualquier momento y acceder para ver su p\u00e1gina personalizada, saber si se ha visto cada v\u00eddeo, editarlo, compartir contenido y agregar contenido nuevo.<\/p>\n<p>Funci\u00f3n Futura: Tambi\u00e9n estamos construyendo funcionalidades adicionales que permitir\u00e1n a los usuarios elegir videos para descargarlos en su dispositivo y reproducirlos aun cuando no tengan acceso a Internet.<\/p>\n","protected":false},"excerpt":{"rendered":"<p>Con una cuenta My Amaze puede: 1. Registrarse y crear su propia experiencia AMAZE protegida con contrase\u00f1a. 2. Crear su propia lista de reproducci\u00f3n de videos y compartirla. Por ejemplo, si usted es un padre, podr\u00e1 compartir videos o grupos de videos espec\u00edficos con sus hijos. La lista estar\u00e1 en una p\u00e1gina protegida para que &hellip; <a href=\"https:\/\/uat.amaze.staging.poundandgrain.ca\/es\/my-amaze\/\">Continued<\/a><\/p>\n","protected":false},"author":334,"featured_media":0,"parent":0,"menu_order":10,"comment_status":"closed","ping_status":"closed","template":"template-myamaze.php","meta":{"_acf_changed":false,"_relevanssi_hide_post":"","_relevanssi_hide_content":"","_relevanssi_pin_for_all":"","_relevanssi_pin_keywords":"","_relevanssi_unpin_keywords":"","_relevanssi_related_keywords":"","_relevanssi_related_include_ids":"","_relevanssi_related_exclude_ids":"","_relevanssi_related_no_append":"","_relevanssi_related_not_related":"","_relevanssi_related_posts":"","_relevanssi_noindex_reason":"","footnotes":""},"class_list":["post-306","page","type-page","status-publish","hentry"],"acf":[],"yoast_head":"<!-- This site is optimized with the Yoast SEO plugin v25.4 - https:\/\/yoast.com\/wordpress\/plugins\/seo\/ -->\n<title>amaze-es \/ Latin America<\/title>\n<meta name=\"robots\" content=\"noindex, follow, max-snippet:-1, max-image-preview:large, max-video-preview:-1\" \/>\n<meta property=\"og:locale\" content=\"es_ES\" \/>\n<meta property=\"og:type\" content=\"article\" \/>\n<meta property=\"og:title\" content=\"My Amaze - amaze-es \/ Latin America\" \/>\n<meta property=\"og:description\" content=\"Con una cuenta My Amaze puede: 1. Registrarse y crear su propia experiencia AMAZE protegida con contrase\u00f1a. 2. Crear su propia lista de reproducci\u00f3n de videos y compartirla. Por ejemplo, si usted es un padre, podr\u00e1 compartir videos o grupos de videos espec\u00edficos con sus hijos. La lista estar\u00e1 en una p\u00e1gina protegida para que &hellip; Continued\" \/>\n<meta property=\"og:url\" content=\"https:\/\/uat.amaze.staging.poundandgrain.ca\/es\/my-amaze\/\" \/>\n<meta property=\"og:site_name\" content=\"amaze-es \/ Latin America\" \/>\n<meta property=\"article:modified_time\" content=\"2017-09-05T15:00:15+00:00\" \/>\n<meta property=\"og:image\" content=\"https:\/\/uat.amaze.staging.poundandgrain.ca\/wp-content\/uploads\/2016\/08\/default-fb.jpg\" \/>\n<meta name=\"twitter:card\" content=\"summary_large_image\" \/>\n<meta name=\"twitter:label1\" content=\"Tiempo de lectura\" \/>\n\t<meta name=\"twitter:data1\" content=\"1 minuto\" \/>\n<script type=\"application\/ld+json\" class=\"yoast-schema-graph\">{\"@context\":\"https:\/\/schema.org\",\"@graph\":[{\"@type\":\"WebPage\",\"@id\":\"https:\/\/uat.amaze.staging.poundandgrain.ca\/es\/my-amaze\/\",\"url\":\"https:\/\/uat.amaze.staging.poundandgrain.ca\/es\/my-amaze\/\",\"name\":\"My Amaze - amaze-es \/ Latin America\",\"isPartOf\":{\"@id\":\"https:\/\/uat.amaze.staging.poundandgrain.ca\/es\/#website\"},\"datePublished\":\"2016-09-12T22:27:58+00:00\",\"dateModified\":\"2017-09-05T15:00:15+00:00\",\"breadcrumb\":{\"@id\":\"https:\/\/uat.amaze.staging.poundandgrain.ca\/es\/my-amaze\/#breadcrumb\"},\"inLanguage\":\"es\",\"potentialAction\":[{\"@type\":\"ReadAction\",\"target\":[\"https:\/\/uat.amaze.staging.poundandgrain.ca\/es\/my-amaze\/\"]}]},{\"@type\":\"BreadcrumbList\",\"@id\":\"https:\/\/uat.amaze.staging.poundandgrain.ca\/es\/my-amaze\/#breadcrumb\",\"itemListElement\":[{\"@type\":\"ListItem\",\"position\":1,\"name\":\"Home\",\"item\":\"https:\/\/uat.amaze.staging.poundandgrain.ca\/es\/\"},{\"@type\":\"ListItem\",\"position\":2,\"name\":\"My Amaze\"}]},{\"@type\":\"WebSite\",\"@id\":\"https:\/\/uat.amaze.staging.poundandgrain.ca\/es\/#website\",\"url\":\"https:\/\/uat.amaze.staging.poundandgrain.ca\/es\/\",\"name\":\"amaze-es \/ Latin America\",\"description\":\"Just another amaze Sites site\",\"potentialAction\":[{\"@type\":\"SearchAction\",\"target\":{\"@type\":\"EntryPoint\",\"urlTemplate\":\"https:\/\/uat.amaze.staging.poundandgrain.ca\/es\/?s={search_term_string}\"},\"query-input\":{\"@type\":\"PropertyValueSpecification\",\"valueRequired\":true,\"valueName\":\"search_term_string\"}}],\"inLanguage\":\"es\"}]}<\/script>\n<!-- \/ Yoast SEO plugin. -->","yoast_head_json":{"title":"amaze-es \/ Latin America","robots":{"index":"noindex","follow":"follow","max-snippet":"max-snippet:-1","max-image-preview":"max-image-preview:large","max-video-preview":"max-video-preview:-1"},"og_locale":"es_ES","og_type":"article","og_title":"My Amaze - amaze-es \/ Latin America","og_description":"Con una cuenta My Amaze puede: 1. Registrarse y crear su propia experiencia AMAZE protegida con contrase\u00f1a. 2. Crear su propia lista de reproducci\u00f3n de videos y compartirla. Por ejemplo, si usted es un padre, podr\u00e1 compartir videos o grupos de videos espec\u00edficos con sus hijos. La lista estar\u00e1 en una p\u00e1gina protegida para que &hellip; Continued","og_url":"https:\/\/uat.amaze.staging.poundandgrain.ca\/es\/my-amaze\/","og_site_name":"amaze-es \/ Latin America","article_modified_time":"2017-09-05T15:00:15+00:00","og_image":[{"url":"https:\/\/uat.amaze.staging.poundandgrain.ca\/wp-content\/uploads\/2016\/08\/default-fb.jpg","type":"","width":"","height":""}],"twitter_card":"summary_large_image","twitter_misc":{"Tiempo de lectura":"1 minuto"},"schema":{"@context":"https:\/\/schema.org","@graph":[{"@type":"WebPage","@id":"https:\/\/uat.amaze.staging.poundandgrain.ca\/es\/my-amaze\/","url":"https:\/\/uat.amaze.staging.poundandgrain.ca\/es\/my-amaze\/","name":"My Amaze - amaze-es \/ Latin America","isPartOf":{"@id":"https:\/\/uat.amaze.staging.poundandgrain.ca\/es\/#website"},"datePublished":"2016-09-12T22:27:58+00:00","dateModified":"2017-09-05T15:00:15+00:00","breadcrumb":{"@id":"https:\/\/uat.amaze.staging.poundandgrain.ca\/es\/my-amaze\/#breadcrumb"},"inLanguage":"es","potentialAction":[{"@type":"ReadAction","target":["https:\/\/uat.amaze.staging.poundandgrain.ca\/es\/my-amaze\/"]}]},{"@type":"BreadcrumbList","@id":"https:\/\/uat.amaze.staging.poundandgrain.ca\/es\/my-amaze\/#breadcrumb","itemListElement":[{"@type":"ListItem","position":1,"name":"Home","item":"https:\/\/uat.amaze.staging.poundandgrain.ca\/es\/"},{"@type":"ListItem","position":2,"name":"My Amaze"}]},{"@type":"WebSite","@id":"https:\/\/uat.amaze.staging.poundandgrain.ca\/es\/#website","url":"https:\/\/uat.amaze.staging.poundandgrain.ca\/es\/","name":"amaze-es \/ Latin America","description":"Just another amaze Sites site","potentialAction":[{"@type":"SearchAction","target":{"@type":"EntryPoint","urlTemplate":"https:\/\/uat.amaze.staging.poundandgrain.ca\/es\/?s={search_term_string}"},"query-input":{"@type":"PropertyValueSpecification","valueRequired":true,"valueName":"search_term_string"}}],"inLanguage":"es"}]}},"_links":{"self":[{"href":"https:\/\/uat.amaze.staging.poundandgrain.ca\/es\/wp-json\/wp\/v2\/pages\/306","targetHints":{"allow":["GET"]}}],"collection":[{"href":"https:\/\/uat.amaze.staging.poundandgrain.ca\/es\/wp-json\/wp\/v2\/pages"}],"about":[{"href":"https:\/\/uat.amaze.staging.poundandgrain.ca\/es\/wp-json\/wp\/v2\/types\/page"}],"author":[{"embeddable":true,"href":"https:\/\/uat.amaze.staging.poundandgrain.ca\/es\/wp-json\/wp\/v2\/users\/334"}],"replies":[{"embeddable":true,"href":"https:\/\/uat.amaze.staging.poundandgrain.ca\/es\/wp-json\/wp\/v2\/comments?post=306"}],"version-history":[{"count":6,"href":"https:\/\/uat.amaze.staging.poundandgrain.ca\/es\/wp-json\/wp\/v2\/pages\/306\/revisions"}],"predecessor-version":[{"id":3273,"href":"https:\/\/uat.amaze.staging.poundandgrain.ca\/es\/wp-json\/wp\/v2\/pages\/306\/revisions\/3273"}],"wp:attachment":[{"href":"https:\/\/uat.amaze.staging.poundandgrain.ca\/es\/wp-json\/wp\/v2\/media?parent=306"}],"curies":[{"name":"wp","href":"https:\/\/api.w.org\/{rel}","templated":true}]}}